{"id":1324,"date":"2024-07-17T16:48:43","date_gmt":"2024-07-17T14:48:43","guid":{"rendered":"http:\/\/aabaranowski.pl\/?page_id=1324"},"modified":"2025-12-01T12:31:39","modified_gmt":"2025-12-01T11:31:39","slug":"about","status":"publish","type":"page","link":"https:\/\/aabaranowski.pl\/sv\/about\/","title":{"rendered":"About"},"content":{"rendered":"<div class=\"wp-block-uagb-container uagb-block-3ad17e27 alignfull uagb-is-root-container\"><div class=\"uagb-container-inner-blocks-wrap\">\n<div class=\"wp-block-uagb-advanced-heading uagb-block-8a1eebc0\"><h1 class=\"uagb-heading-text\">Om mig<\/h1><\/div>\n<\/div><\/div>\n\n\n\n<div class=\"wp-block-uagb-container uagb-block-f8ec2bd3 alignfull uagb-is-root-container\"><div class=\"uagb-container-inner-blocks-wrap\">\n<div class=\"wp-block-uagb-container uagb-block-f45c3563\">\n<div class=\"wp-block-uagb-container uagb-block-e539ce97\">\n<div class=\"wp-block-uagb-container uagb-block-d148609c\">\n<div class=\"wp-block-uagb-container uagb-block-591cbf33\">\n<div class=\"wp-block-group is-vertical is-layout-flex wp-container-core-group-is-layout-fe9cc265 wp-block-group-is-layout-flex\">\n<div class=\"wp-block-group is-nowrap is-layout-flex wp-container-core-group-is-layout-6c531013 wp-block-group-is-layout-flex\">\n<div class=\"wp-block-uagb-info-box uagb-block-99c1eed7 uagb-infobox__content-wrap  uagb-infobox-icon-above-title uagb-infobox-image-valign-top\"><div class=\"uagb-ifb-content\"><div class=\"uagb-ifb-title-wrap\"><h3 class=\"uagb-ifb-title\">Mitt namn \u00e4r Maximilian Baranowski,<\/h3><\/div><p class=\"uagb-ifb-desc\">Jag \u00e4r en <strong>auktoriserad tolk &amp; \u00f6vers\u00e4ttare i polska och svenska<\/strong>. Sedan 2024 \u00e4r jag ber\u00e4ttigad av det polska Justitieministeriet att arbeta som edsvuren tolk &amp; \u00f6vers\u00e4ttare med identifikationsnummer TP\/117\/24. Jag har utf\u00f6rt allt fr\u00e5n <strong>skriftliga \u00f6vers\u00e4ttningar<\/strong>, till att agerat som tolk under <strong>m\u00f6ten, konferenser och telefonsamtal<\/strong> mellan kunder och statliga myndigheter i Polen. <br><br>Jag har \u00e4ven erfarenhet inom lokaliseringsbranschen, d\u00e4r jag under tv\u00e5 \u00e5r arbetat som Localization Quality Assurance. Mina arbetsuppgifter omfattade <strong>\u00f6vers\u00e4ttning av dataspel b\u00e5de f\u00f6r den svenska och polska marknaden<\/strong>. Jag har under dessa \u00e5r <strong>krediterats som \u00f6vers\u00e4ttare <\/strong>p\u00e5 flera stora speltitlar s\u00e5 som Minecraft Legends, Forza Horizion 5 och Microsoft Flight Simulator.<br><br><strong>Mitt arbete<\/strong> k\u00e4nnetecknas av <strong>punktlighet, p\u00e5litlighet<\/strong> och framf\u00f6r allt <strong>h\u00f6g kvalitet<\/strong> p\u00e5 utf\u00f6rda tj\u00e4nster.<\/p><\/div><\/div>\n<\/div>\n\n\n\n<div class=\"wp-block-uagb-separator uagb-block-f5ed186b\"><div class=\"uagb-separator-spacing-wrapper\"><div class=\"wp-block-uagb-separator__inner\" style=\"--my-background-image:\"><\/div><\/div><\/div>\n\n\n\n<div class=\"wp-block-group is-nowrap is-layout-flex wp-container-core-group-is-layout-6c531013 wp-block-group-is-layout-flex\">\n<div class=\"wp-block-uagb-container uagb-block-fd09bbb4\">\n<div class=\"wp-block-uagb-image uagb-block-25ff0f81 wp-block-uagb-image--layout-default wp-block-uagb-image--effect-static wp-block-uagb-image--align-none\"><figure class=\"wp-block-uagb-image__figure\"><img decoding=\"async\" srcset=\"https:\/\/aabaranowski.pl\/wp-content\/uploads\/2025\/10\/Gemini_Generated_Image_sva8gvsva8gvsva8-e1759573601113-714x1024.png ,https:\/\/aabaranowski.pl\/wp-content\/uploads\/2025\/10\/Gemini_Generated_Image_sva8gvsva8gvsva8-e1759573601113.png 780w, https:\/\/aabaranowski.pl\/wp-content\/uploads\/2025\/10\/Gemini_Generated_Image_sva8gvsva8gvsva8-e1759573601113.png 360w\" sizes=\"auto, (max-width: 480px) 150px\" src=\"https:\/\/aabaranowski.pl\/wp-content\/uploads\/2025\/10\/Gemini_Generated_Image_sva8gvsva8gvsva8-e1759573601113-714x1024.png\" alt=\"\" class=\"uag-image-3270\" width=\"714\" height=\"1024\" title=\"Portrait\" loading=\"lazy\" role=\"img\"\/><\/figure><\/div>\n<\/div>\n\n\n\n<div class=\"wp-block-uagb-advanced-heading uagb-block-e874992d\"><h4 class=\"uagb-heading-text\">Vad som urskiljer mig fr\u00e5n konkurrensen \u00e4r faktumet att b\u00e5de polska och svenska \u00e4r mina modersm\u00e5l. <\/h4><div class=\"uagb-separator\"><\/div><\/div>\n<\/div>\n\n\n\n<div class=\"wp-block-uagb-container uagb-block-da945ea9\">\n<div class=\"wp-block-uagb-separator uagb-block-d5e6d55e\"><div class=\"uagb-separator-spacing-wrapper\"><div class=\"wp-block-uagb-separator__inner\" style=\"--my-background-image:\"><\/div><\/div><\/div>\n\n\n\n<div class=\"wp-block-uagb-info-box uagb-block-057374d2 uagb-infobox__content-wrap  uagb-infobox-icon-above-title uagb-infobox-image-valign-top\"><div class=\"uagb-ifb-content\"><div class=\"uagb-ifb-title-wrap\"><h3 class=\"uagb-ifb-title\">Bakgrund<\/h3><\/div><p class=\"uagb-ifb-desc\">Hur kommer det sig att jag har tv\u00e5 modersm\u00e5l? Jag \u00e4r <strong>svensk med polsk bakgrund<\/strong>, f\u00f6dd och uppvuxen i Sverige d\u00e4r jag gick i svensk skola men talade polska hemma, d\u00e5 hela min familj \u00e4r fr\u00e5n Polen. Efter att ha studerat p\u00e5 F\u00f6rsvarsh\u00f6gskolan och Kungliga Tekniska H\u00f6gskolan flyttade jag till Warszawa f\u00f6r att forts\u00e4tta mina studier p\u00e5 Universitet i Warszawa. <br><br>Jag har en examen inom statsvetenskap med inriktning p\u00e5 inrikess\u00e4kerhet fr\u00e5n <strong>Universitet i Warszawa (Uniwersytet Warszawski)<\/strong>. Idag l\u00e4gger jag stor vikt vid kontinuerlig <strong>ut\u00f6kning<\/strong> och <strong>f\u00f6rdjupning<\/strong> av mina <strong>kompetenser<\/strong>, vilket kan bekr\u00e4ftas av min <strong>auktorisation som tolk<\/strong>. <br><br>Att \u00f6vers\u00e4tta mellan polska och svenska \u00e4r en naturlig sak f\u00f6r mig, d\u00e5 tack vare min flerspr\u00e5kighet har detta funnits med mig hela livet.<\/p><\/div><\/div>\n<\/div>\n<\/div>\n<\/div>\n<\/div>\n<\/div>\n<\/div>\n<\/div><\/div>\n\n\n\n<div class=\"wp-block-uagb-container uagb-block-61e8ac2a alignfull uagb-is-root-container\"><div class=\"uagb-container-inner-blocks-wrap\">\n<div class=\"wp-block-uagb-info-box uagb-block-607a9eb7 uagb-infobox__content-wrap  uagb-infobox-icon-above-title uagb-infobox-image-valign-top\"><div class=\"uagb-ifb-content\"><div class=\"uagb-ifb-title-wrap\"><h3 class=\"uagb-ifb-title\">Om mig i siffror<\/h3><\/div><\/div><\/div>\n\n\n\n<div class=\"wp-block-uagb-container uagb-block-34959df8 alignfull uagb-is-root-container\"><div class=\"uagb-container-inner-blocks-wrap\">\n<div class=\"wp-block-uagb-counter uagb-block-c39cfec8 wp-block-uagb-counter--number\"><span class=\"wp-block-uagb-counter__icon\"><svg xmlns=\"https:\/\/www.w3.org\/2000\/svg\" viewbox=\"0 0 576 512\"><path d=\"M381.2 150.3L524.9 171.5C536.8 173.2 546.8 181.6 550.6 193.1C554.4 204.7 551.3 217.3 542.7 225.9L438.5 328.1L463.1 474.7C465.1 486.7 460.2 498.9 450.2 506C440.3 513.1 427.2 514 416.5 508.3L288.1 439.8L159.8 508.3C149 514 135.9 513.1 126 506C116.1 498.9 111.1 486.7 113.2 474.7L137.8 328.1L33.58 225.9C24.97 217.3 21.91 204.7 25.69 193.1C29.46 181.6 39.43 173.2 51.42 171.5L195 150.3L259.4 17.97C264.7 6.954 275.9-.0391 288.1-.0391C300.4-.0391 311.6 6.954 316.9 17.97L381.2 150.3z\"><\/path><\/svg><\/span><div class=\"wp-block-uagb-counter__number\"><span class=\"uagb-counter-block-number\" data-duration=\"1.301\" data-to-value=\"700\" data-from-value=\"0\" data-delimiter=\" \"><\/span><span class=\"uagb-counter-block-suffix\">+<\/span><\/div><div class=\"wp-block-uagb-counter__title\">Utf\u00f6rda \u00f6vers\u00e4ttningar<\/div><\/div>\n\n\n\n<div class=\"wp-block-uagb-counter uagb-block-a64e4f09 wp-block-uagb-counter--number\"><span class=\"wp-block-uagb-counter__icon\"><svg xmlns=\"https:\/\/www.w3.org\/2000\/svg\" viewbox=\"0 0 576 512\"><path d=\"M381.2 150.3L524.9 171.5C536.8 173.2 546.8 181.6 550.6 193.1C554.4 204.7 551.3 217.3 542.7 225.9L438.5 328.1L463.1 474.7C465.1 486.7 460.2 498.9 450.2 506C440.3 513.1 427.2 514 416.5 508.3L288.1 439.8L159.8 508.3C149 514 135.9 513.1 126 506C116.1 498.9 111.1 486.7 113.2 474.7L137.8 328.1L33.58 225.9C24.97 217.3 21.91 204.7 25.69 193.1C29.46 181.6 39.43 173.2 51.42 171.5L195 150.3L259.4 17.97C264.7 6.954 275.9-.0391 288.1-.0391C300.4-.0391 311.6 6.954 316.9 17.97L381.2 150.3z\"><\/path><\/svg><\/span><div class=\"wp-block-uagb-counter__number\"><span class=\"uagb-counter-block-number\" data-duration=\"1.301\" data-to-value=\"300\" data-from-value=\"0\" data-delimiter=\",\"><\/span><span class=\"uagb-counter-block-suffix\">+<\/span><\/div><div class=\"wp-block-uagb-counter__title\">N\u00f6jda kunder<\/div><\/div>\n\n\n\n<div class=\"wp-block-uagb-counter uagb-block-17eac41f wp-block-uagb-counter--number\"><span class=\"wp-block-uagb-counter__icon\"><svg xmlns=\"https:\/\/www.w3.org\/2000\/svg\" viewbox=\"0 0 576 512\"><path d=\"M381.2 150.3L524.9 171.5C536.8 173.2 546.8 181.6 550.6 193.1C554.4 204.7 551.3 217.3 542.7 225.9L438.5 328.1L463.1 474.7C465.1 486.7 460.2 498.9 450.2 506C440.3 513.1 427.2 514 416.5 508.3L288.1 439.8L159.8 508.3C149 514 135.9 513.1 126 506C116.1 498.9 111.1 486.7 113.2 474.7L137.8 328.1L33.58 225.9C24.97 217.3 21.91 204.7 25.69 193.1C29.46 181.6 39.43 173.2 51.42 171.5L195 150.3L259.4 17.97C264.7 6.954 275.9-.0391 288.1-.0391C300.4-.0391 311.6 6.954 316.9 17.97L381.2 150.3z\"><\/path><\/svg><\/span><div class=\"wp-block-uagb-counter__number\"><span class=\"uagb-counter-block-number\" data-duration=\"1.5\" data-to-value=\"70\" data-from-value=\"0\" data-delimiter=\",\"><\/span><span class=\"uagb-counter-block-suffix\">+<\/span><\/div><div class=\"wp-block-uagb-counter__title\">timmar av tolkning under domstolsf\u00f6rhandlingar, f\u00f6rh\u00f6r, bes\u00f6k och mer.<\/div><\/div>\n<\/div><\/div>\n<\/div><\/div>","protected":false},"excerpt":{"rendered":"<p>O mnie Wyr\u00f3\u017cnia mnie fakt, \u017ce j\u0119zyk szwedzki jest moim j\u0119zykiem ojczystym. Tak jak j\u0119zyk polski.<\/p>","protected":false},"author":2,"featured_media":0,"parent":0,"menu_order":0,"comment_status":"closed","ping_status":"closed","template":"","meta":{"_uag_custom_page_level_css":"","_monsterinsights_skip_tracking":false,"_monsterinsights_sitenote_active":false,"_monsterinsights_sitenote_note":"","_monsterinsights_sitenote_category":0,"site-sidebar-layout":"no-sidebar","site-content-layout":"page-builder","ast-site-content-layout":"full-width-container","site-content-style":"unboxed","site-sidebar-style":"default","ast-global-header-display":"","ast-banner-title-visibility":"","ast-main-header-display":"","ast-hfb-above-header-display":"","ast-hfb-below-header-display":"","ast-hfb-mobile-header-display":"","site-post-title":"disabled","ast-breadcrumbs-content":"","ast-featured-img":"disabled","footer-sml-layout":"","ast-disable-related-posts":"","theme-transparent-header-meta":"enabled","adv-header-id-meta":"","stick-header-meta":"","header-above-stick-meta":"","header-main-stick-meta":"","header-below-stick-meta":"","astra-migrate-meta-layouts":"set","ast-page-background-enabled":"default","ast-page-background-meta":{"desktop":{"background-color":"var(--ast-global-color-4)","background-image":"","background-repeat":"repeat","background-position":"center center","background-size":"auto","background-attachment":"scroll","background-type":"","background-media":"","overlay-type":"","overlay-color":"","overlay-opacity":"","overlay-gradient":""},"tablet":{"background-color":"","background-image":"","background-repeat":"repeat","background-position":"center center","background-size":"auto","background-attachment":"scroll","background-type":"","background-media":"","overlay-type":"","overlay-color":"","overlay-opacity":"","overlay-gradient":""},"mobile":{"background-color":"","background-image":"","background-repeat":"repeat","background-position":"center center","background-size":"auto","background-attachment":"scroll","background-type":"","background-media":"","overlay-type":"","overlay-color":"","overlay-opacity":"","overlay-gradient":""}},"ast-content-background-meta":{"desktop":{"background-color":"var(--ast-global-color-5)","background-image":"","background-repeat":"repeat","background-position":"center center","background-size":"auto","background-attachment":"scroll","background-type":"","background-media":"","overlay-type":"","overlay-color":"","overlay-opacity":"","overlay-gradient":""},"tablet":{"background-color":"var(--ast-global-color-5)","background-image":"","background-repeat":"repeat","background-position":"center center","background-size":"auto","background-attachment":"scroll","background-type":"","background-media":"","overlay-type":"","overlay-color":"","overlay-opacity":"","overlay-gradient":""},"mobile":{"background-color":"var(--ast-global-color-5)","background-image":"","background-repeat":"repeat","background-position":"center center","background-size":"auto","background-attachment":"scroll","background-type":"","background-media":"","overlay-type":"","overlay-color":"","overlay-opacity":"","overlay-gradient":""}},"footnotes":""},"class_list":["post-1324","page","type-page","status-publish","hentry"],"yoast_head":"<!-- This site is optimized with the Yoast SEO plugin v27.4 - https:\/\/yoast.com\/product\/yoast-seo-wordpress\/ -->\n<title>T\u0142umacz przysi\u0119g\u0142y j\u0119zyka szwedzkiego \u2013 o mnie | aabaranowski.pl<\/title>\n<meta name=\"description\" content=\"Jestem t\u0142umaczem przysi\u0119g\u0142ym j\u0119zyka szwedzkiego z do\u015bwiadczeniem. Poznaj moje kwalifikacje i podej\u015bcie do pracy.\" \/>\n<meta name=\"robots\" content=\"index, follow, max-snippet:-1, max-image-preview:large, max-video-preview:-1\" \/>\n<link rel=\"canonical\" href=\"https:\/\/aabaranowski.pl\/sv\/about\/\" \/>\n<meta property=\"og:locale\" content=\"sv_SE\" \/>\n<meta property=\"og:type\" content=\"article\" \/>\n<meta property=\"og:title\" content=\"T\u0142umacz przysi\u0119g\u0142y j\u0119zyka szwedzkiego \u2013 o mnie | aabaranowski.pl\" \/>\n<meta property=\"og:description\" content=\"Jestem t\u0142umaczem przysi\u0119g\u0142ym j\u0119zyka szwedzkiego z do\u015bwiadczeniem. Poznaj moje kwalifikacje i podej\u015bcie do pracy.\" \/>\n<meta property=\"og:url\" content=\"https:\/\/aabaranowski.pl\/sv\/about\/\" \/>\n<meta property=\"og:site_name\" content=\"T\u0142umacz przysi\u0119g\u0142y j\u0119z. szwedzkiego - Maximilian Baranowski\" \/>\n<meta property=\"article:modified_time\" content=\"2025-12-01T11:31:39+00:00\" \/>\n<meta property=\"og:image\" content=\"https:\/\/aabaranowski.pl\/wp-content\/uploads\/2025\/10\/Gemini_Generated_Image_sva8gvsva8gvsva8-e1759573601113-714x1024.png\" \/>\n<meta name=\"twitter:card\" content=\"summary_large_image\" \/>\n<meta name=\"twitter:label1\" content=\"Ber\u00e4knad l\u00e4stid\" \/>\n\t<meta name=\"twitter:data1\" content=\"2 minuter\" \/>\n<script type=\"application\/ld+json\" class=\"yoast-schema-graph\">{\"@context\":\"https:\\\/\\\/schema.org\",\"@graph\":[{\"@type\":\"WebPage\",\"@id\":\"https:\\\/\\\/aabaranowski.pl\\\/about\\\/\",\"url\":\"https:\\\/\\\/aabaranowski.pl\\\/about\\\/\",\"name\":\"T\u0142umacz przysi\u0119g\u0142y j\u0119zyka szwedzkiego \u2013 o mnie | aabaranowski.pl\",\"isPartOf\":{\"@id\":\"https:\\\/\\\/aabaranowski.pl\\\/#website\"},\"primaryImageOfPage\":{\"@id\":\"https:\\\/\\\/aabaranowski.pl\\\/about\\\/#primaryimage\"},\"image\":{\"@id\":\"https:\\\/\\\/aabaranowski.pl\\\/about\\\/#primaryimage\"},\"thumbnailUrl\":\"https:\\\/\\\/aabaranowski.pl\\\/wp-content\\\/uploads\\\/2025\\\/10\\\/Gemini_Generated_Image_sva8gvsva8gvsva8-e1759573601113-714x1024.png\",\"datePublished\":\"2024-07-17T14:48:43+00:00\",\"dateModified\":\"2025-12-01T11:31:39+00:00\",\"description\":\"Jestem t\u0142umaczem przysi\u0119g\u0142ym j\u0119zyka szwedzkiego z do\u015bwiadczeniem. Poznaj moje kwalifikacje i podej\u015bcie do pracy.\",\"breadcrumb\":{\"@id\":\"https:\\\/\\\/aabaranowski.pl\\\/about\\\/#breadcrumb\"},\"inLanguage\":\"sv-SE\",\"potentialAction\":[{\"@type\":\"ReadAction\",\"target\":[\"https:\\\/\\\/aabaranowski.pl\\\/about\\\/\"]}]},{\"@type\":\"ImageObject\",\"inLanguage\":\"sv-SE\",\"@id\":\"https:\\\/\\\/aabaranowski.pl\\\/about\\\/#primaryimage\",\"url\":\"https:\\\/\\\/aabaranowski.pl\\\/wp-content\\\/uploads\\\/2025\\\/10\\\/Gemini_Generated_Image_sva8gvsva8gvsva8-e1759573601113-714x1024.png\",\"contentUrl\":\"https:\\\/\\\/aabaranowski.pl\\\/wp-content\\\/uploads\\\/2025\\\/10\\\/Gemini_Generated_Image_sva8gvsva8gvsva8-e1759573601113-714x1024.png\"},{\"@type\":\"BreadcrumbList\",\"@id\":\"https:\\\/\\\/aabaranowski.pl\\\/about\\\/#breadcrumb\",\"itemListElement\":[{\"@type\":\"ListItem\",\"position\":1,\"name\":\"Home\",\"item\":\"https:\\\/\\\/aabaranowski.pl\\\/\"},{\"@type\":\"ListItem\",\"position\":2,\"name\":\"About\"}]},{\"@type\":\"WebSite\",\"@id\":\"https:\\\/\\\/aabaranowski.pl\\\/#website\",\"url\":\"https:\\\/\\\/aabaranowski.pl\\\/\",\"name\":\"T\u0142umacz j\u0119zyka szwedzkiego - Maximilian Baranowski\",\"description\":\"T\u0142umaczenia po\u015bwiadczone, ustne\",\"potentialAction\":[{\"@type\":\"SearchAction\",\"target\":{\"@type\":\"EntryPoint\",\"urlTemplate\":\"https:\\\/\\\/aabaranowski.pl\\\/?s={search_term_string}\"},\"query-input\":{\"@type\":\"PropertyValueSpecification\",\"valueRequired\":true,\"valueName\":\"search_term_string\"}}],\"inLanguage\":\"sv-SE\"}]}<\/script>\n<!-- \/ Yoast SEO plugin. -->","yoast_head_json":{"title":"T\u0142umacz przysi\u0119g\u0142y j\u0119zyka szwedzkiego \u2013 o mnie | aabaranowski.pl","description":"Jestem t\u0142umaczem przysi\u0119g\u0142ym j\u0119zyka szwedzkiego z do\u015bwiadczeniem. Poznaj moje kwalifikacje i podej\u015bcie do pracy.","robots":{"index":"index","follow":"follow","max-snippet":"max-snippet:-1","max-image-preview":"max-image-preview:large","max-video-preview":"max-video-preview:-1"},"canonical":"https:\/\/aabaranowski.pl\/sv\/about\/","og_locale":"sv_SE","og_type":"article","og_title":"T\u0142umacz przysi\u0119g\u0142y j\u0119zyka szwedzkiego \u2013 o mnie | aabaranowski.pl","og_description":"Jestem t\u0142umaczem przysi\u0119g\u0142ym j\u0119zyka szwedzkiego z do\u015bwiadczeniem. Poznaj moje kwalifikacje i podej\u015bcie do pracy.","og_url":"https:\/\/aabaranowski.pl\/sv\/about\/","og_site_name":"T\u0142umacz przysi\u0119g\u0142y j\u0119z. szwedzkiego - Maximilian Baranowski","article_modified_time":"2025-12-01T11:31:39+00:00","og_image":[{"url":"https:\/\/aabaranowski.pl\/wp-content\/uploads\/2025\/10\/Gemini_Generated_Image_sva8gvsva8gvsva8-e1759573601113-714x1024.png","type":"","width":"","height":""}],"twitter_card":"summary_large_image","twitter_misc":{"Ber\u00e4knad l\u00e4stid":"2 minuter"},"schema":{"@context":"https:\/\/schema.org","@graph":[{"@type":"WebPage","@id":"https:\/\/aabaranowski.pl\/about\/","url":"https:\/\/aabaranowski.pl\/about\/","name":"T\u0142umacz przysi\u0119g\u0142y j\u0119zyka szwedzkiego \u2013 o mnie | aabaranowski.pl","isPartOf":{"@id":"https:\/\/aabaranowski.pl\/#website"},"primaryImageOfPage":{"@id":"https:\/\/aabaranowski.pl\/about\/#primaryimage"},"image":{"@id":"https:\/\/aabaranowski.pl\/about\/#primaryimage"},"thumbnailUrl":"https:\/\/aabaranowski.pl\/wp-content\/uploads\/2025\/10\/Gemini_Generated_Image_sva8gvsva8gvsva8-e1759573601113-714x1024.png","datePublished":"2024-07-17T14:48:43+00:00","dateModified":"2025-12-01T11:31:39+00:00","description":"Jestem t\u0142umaczem przysi\u0119g\u0142ym j\u0119zyka szwedzkiego z do\u015bwiadczeniem. Poznaj moje kwalifikacje i podej\u015bcie do pracy.","breadcrumb":{"@id":"https:\/\/aabaranowski.pl\/about\/#breadcrumb"},"inLanguage":"sv-SE","potentialAction":[{"@type":"ReadAction","target":["https:\/\/aabaranowski.pl\/about\/"]}]},{"@type":"ImageObject","inLanguage":"sv-SE","@id":"https:\/\/aabaranowski.pl\/about\/#primaryimage","url":"https:\/\/aabaranowski.pl\/wp-content\/uploads\/2025\/10\/Gemini_Generated_Image_sva8gvsva8gvsva8-e1759573601113-714x1024.png","contentUrl":"https:\/\/aabaranowski.pl\/wp-content\/uploads\/2025\/10\/Gemini_Generated_Image_sva8gvsva8gvsva8-e1759573601113-714x1024.png"},{"@type":"BreadcrumbList","@id":"https:\/\/aabaranowski.pl\/about\/#breadcrumb","itemListElement":[{"@type":"ListItem","position":1,"name":"Home","item":"https:\/\/aabaranowski.pl\/"},{"@type":"ListItem","position":2,"name":"About"}]},{"@type":"WebSite","@id":"https:\/\/aabaranowski.pl\/#website","url":"https:\/\/aabaranowski.pl\/","name":"T\u0142umacz j\u0119zyka szwedzkiego - Maximilian Baranowski","description":"T\u0142umaczenia po\u015bwiadczone, ustne","potentialAction":[{"@type":"SearchAction","target":{"@type":"EntryPoint","urlTemplate":"https:\/\/aabaranowski.pl\/?s={search_term_string}"},"query-input":{"@type":"PropertyValueSpecification","valueRequired":true,"valueName":"search_term_string"}}],"inLanguage":"sv-SE"}]}},"uagb_featured_image_src":{"full":false,"thumbnail":false,"medium":false,"medium_large":false,"large":false,"1536x1536":false,"2048x2048":false,"trp-custom-language-flag":false},"uagb_author_info":{"display_name":"Maximilian","author_link":"https:\/\/aabaranowski.pl\/sv\/author\/s3cur3wp78zr\/"},"uagb_comment_info":0,"uagb_excerpt":"O mnie Wyr\u00f3\u017cnia mnie fakt, \u017ce j\u0119zyk szwedzki jest moim j\u0119zykiem ojczystym. Tak jak j\u0119zyk polski.","_links":{"self":[{"href":"https:\/\/aabaranowski.pl\/sv\/wp-json\/wp\/v2\/pages\/1324","targetHints":{"allow":["GET"]}}],"collection":[{"href":"https:\/\/aabaranowski.pl\/sv\/wp-json\/wp\/v2\/pages"}],"about":[{"href":"https:\/\/aabaranowski.pl\/sv\/wp-json\/wp\/v2\/types\/page"}],"author":[{"embeddable":true,"href":"https:\/\/aabaranowski.pl\/sv\/wp-json\/wp\/v2\/users\/2"}],"replies":[{"embeddable":true,"href":"https:\/\/aabaranowski.pl\/sv\/wp-json\/wp\/v2\/comments?post=1324"}],"version-history":[{"count":82,"href":"https:\/\/aabaranowski.pl\/sv\/wp-json\/wp\/v2\/pages\/1324\/revisions"}],"predecessor-version":[{"id":3308,"href":"https:\/\/aabaranowski.pl\/sv\/wp-json\/wp\/v2\/pages\/1324\/revisions\/3308"}],"wp:attachment":[{"href":"https:\/\/aabaranowski.pl\/sv\/wp-json\/wp\/v2\/media?parent=1324"}],"curies":[{"name":"wp","href":"https:\/\/api.w.org\/{rel}","templated":true}]}}